{"id":12,"date":"2026-01-19T11:09:25","date_gmt":"2026-01-19T11:09:25","guid":{"rendered":"https:\/\/rn-immobilien.eu\/?page_id=12"},"modified":"2026-01-20T15:03:29","modified_gmt":"2026-01-20T15:03:29","slug":"home","status":"publish","type":"page","link":"https:\/\/rn-immobilien.eu\/","title":{"rendered":"Startseite"},"content":{"rendered":"<div class=\"\" style=\"\" >\n    \n    <section class=\"skrollable u-clearfix u-image u-parallax u-shading u-section-2\" id=\"sec-dab4\" style=\"background-image: linear-gradient(0deg, rgba(0, 0, 0, 0.15), rgba(0, 0, 0, 0.15)), url(&quot;https:\/\/rn-immobilien.eu\/wp-content\/uploads\/2026\/01\/430dedad9411914dc1f0dd50c29db2c1.png&quot;);\">\n      <div class=\"u-clearfix u-sheet u-valign-middle-lg u-valign-middle-sm u-sheet-1\">\n        <h1 class=\"u-heading-font u-text u-text-1\">Ihr<br>Immobilien<br>Partner aus Ottweiler\n        <\/h1>\n        <p class=\"u-hidden-xs u-text u-text-2\">Herzlichen\n                  Willkommen auf der Homepage der Firma RN\n                  Immobilien in Ottweiler, dem Immobilienprofi mit Sitz\n                  in Ottweiler, im Herzen des Saarlandes.Wir\n                  sind ab sofort auch hier f\u00fcr Sie zu erreichen und\n                  k\u00fcmmern uns gerne um Ihre Anliegen in Sachen\n                  Immobilienvermarktung.<\/p>\n      <\/div>\n    <\/section>\n    <section class=\"u-clearfix u-valign-middle-lg u-valign-middle-md u-valign-middle-sm u-valign-top-xs u-white u-section-3\" id=\"sec-1257\">\n      <div class=\"data-layout-selected u-clearfix u-expanded-width u-layout-wrap u-layout-wrap-1\">\n        <div class=\"u-gutter-0 u-layout\">\n          <div class=\"u-layout-row\">\n            <div class=\"u-container-style u-layout-cell u-left-cell u-size-30 u-layout-cell-1\">\n              <div class=\"u-container-layout u-container-layout-1\">\n                <div class=\"u-border-6 u-border-palette-1-base u-shape u-shape-rectangle u-shape-1\"><\/div>\n                <div class=\"u-container-style u-group u-similar-fill u-white u-group-1\">\n                  <div class=\"u-container-layout u-container-layout-2\">\n                    <h2 class=\"u-text u-text-palette-1-base u-text-1\">Einige Fakten<\/h2>\n                    <p class=\"u-text u-text-2\"><span style=\"font-size: 0.888889rem;\">Die\n                  Firma wurde 2007 von Rolf Neufang gegr\u00fcndet. Er\n                  verf\u00fcgt \u00fcber eine mittlerweile fast 40 j\u00e4hrige\n                  Berufserfahrung in der Immobilienbranche und war zuvor\n                  lange Jahre in Illingen t\u00e4tig. Im Jahre 2007 war dann\n                  der Entschluss gereift, die eigene Firma zu gr\u00fcnden.\n                  In seiner Berufszeit konnten mehr als 1000 Immobilien\n                  in durchweg allen Preislagen vermittelt werden. Des\n                  Weiteren war er f\u00fcr 12 Erschlie\u00dfungen ca. 350\n                  Baustellen in 12 Neubaugebieten im ganzen Saarland\n                  zust\u00e4ndig. Brandaktuell entsteht im Ottweiler Ortsteil\n                  Steinbach ein&nbsp; Neubaugebiet mit 12 Baugrundst\u00fccken auf\n                  einer Fl\u00e4che von ca. 8.100 m\u00b2. Unterst\u00fctzt wird der\n                  Firmeninhaber in den Gesch\u00e4ftsvorg\u00e4ngen von Frau\n                  Kirsten Weynand in der Vermietung und Buchhaltung und\n                  seinem Sohn Benedikt Neufang in der B\u00fcroorganisation. Sollten\n                  Sie W\u00fcnsche oder Ideen bez\u00fcglich Kauf oder Verkauf\n                  haben, auch bei Objekten in weniger gutem oder stark\n                  renovierungsbed\u00fcrftigem Zustand, dann lassen Sie uns\n                  dar\u00fcber reden. Unser\n                  kompetentes Team k\u00fcmmert sich gerne um Ihre Anliegen,\n                  egal ob Sie auf der Suche nach Ihrer Traumimmobilie\n                  sind oder der Verkauf bzw. die Vermittlung einer\n                  Immobilie ansteht. <\/span>\n                      <br>\n                      <br>Ihr\n                  Team von RN Immobilien in Ottweiler\n                    <\/p>\n                  <\/div>\n                <\/div>\n              <\/div>\n            <\/div>\n            <div class=\"u-container-style u-layout-cell u-right-cell u-size-30 u-layout-cell-2\">\n              <div class=\"u-container-layout u-container-layout-3\">\n                <img decoding=\"async\" src=\"https:\/\/rn-immobilien.eu\/wp-content\/uploads\/2026\/01\/38ea40e6fa7df25f9cf0c0a0520fc164.png\" alt=\"\" class=\"u-absolute-hcenter-lg u-absolute-hcenter-md u-absolute-hcenter-sm u-absolute-hcenter-xs u-expanded u-image u-image-default u-image-1\" data-image-width=\"372\" data-image-height=\"590\">\n              <\/div>\n            <\/div>\n          <\/div>\n        <\/div>\n      <\/div>\n    <\/section>\n    <section class=\"skrollable u-clearfix u-image u-parallax u-section-4\" id=\"sec-bbc7\" data-image-width=\"1600\" data-image-height=\"647\" style=\"background-image: url(&quot;https:\/\/rn-immobilien.eu\/wp-content\/uploads\/2026\/01\/4987c61eec05aa84bbec4a93fdfc3d16.jpeg&quot;);\">\n      <div class=\"u-clearfix u-sheet u-valign-middle-md u-valign-middle-sm u-valign-middle-xl u-valign-middle-xs u-sheet-1\">\n        <p class=\"u-text u-text-default u-text-white u-text-1\">Unsere Themenfelder <\/p>\n      <\/div>\n    <\/section>\n    <section class=\"border u-clearfix u-white u-section-5\" id=\"sec-8726\">\n      <div class=\"u-clearfix u-sheet u-valign-middle-sm u-valign-top-xs u-sheet-1\">\n        <div class=\"data-layout-selected u-clearfix u-expanded-width-lg u-expanded-width-md u-expanded-width-sm u-expanded-width-xs u-gutter-20 u-layout-wrap u-layout-wrap-1\">\n          <div class=\"u-layout\">\n            <div class=\"u-layout-col\">\n              <div class=\"u-size-30 u-size-60-md\">\n                <div class=\"u-layout-row\">\n                  <div class=\"u-container-style u-layout-cell u-left-cell u-similar-fill u-size-20 u-size-20-md u-white u-layout-cell-1\">\n                    <div class=\"u-container-layout\"><span class=\"u-icon u-icon-circle u-text-palette-1-base u-icon-1\"><svg class=\"u-svg-link\" preserveAspectRatio=\"xMidYMin slice\" viewBox=\"0 1 511 511.999\" style=\"\"><use xlink:href=\"#svg-e307\"><\/use><\/svg><svg class=\"u-svg-content\" viewBox=\"0 1 511 511.999\" id=\"svg-e307\"><path d=\"m498.699219 222.695312c-.015625-.011718-.027344-.027343-.039063-.039062l-208.855468-208.847656c-8.902344-8.90625-20.738282-13.808594-33.328126-13.808594-12.589843 0-24.425781 4.902344-33.332031 13.808594l-208.746093 208.742187c-.070313.070313-.144532.144531-.210938.214844-18.28125 18.386719-18.25 48.21875.089844 66.558594 8.378906 8.382812 19.441406 13.234375 31.273437 13.746093.484375.046876.96875.070313 1.457031.070313h8.320313v153.695313c0 30.417968 24.75 55.164062 55.167969 55.164062h81.710937c8.285157 0 15-6.71875 15-15v-120.5c0-13.878906 11.292969-25.167969 25.171875-25.167969h48.195313c13.878906 0 25.167969 11.289063 25.167969 25.167969v120.5c0 8.28125 6.714843 15 15 15h81.710937c30.421875 0 55.167969-24.746094 55.167969-55.164062v-153.695313h7.71875c12.585937 0 24.421875-4.902344 33.332031-13.8125 18.359375-18.367187 18.367187-48.253906.027344-66.632813zm-21.242188 45.421876c-3.238281 3.238281-7.542969 5.023437-12.117187 5.023437h-22.71875c-8.285156 0-15 6.714844-15 15v168.695313c0 13.875-11.289063 25.164062-25.167969 25.164062h-66.710937v-105.5c0-30.417969-24.746094-55.167969-55.167969-55.167969h-48.195313c-30.421875 0-55.171875 24.75-55.171875 55.167969v105.5h-66.710937c-13.875 0-25.167969-11.289062-25.167969-25.164062v-168.695313c0-8.285156-6.714844-15-15-15h-22.328125c-.234375-.015625-.464844-.027344-.703125-.03125-4.46875-.078125-8.660156-1.851563-11.800781-4.996094-6.679688-6.679687-6.679688-17.550781 0-24.234375.003906 0 .003906-.003906.007812-.007812l.011719-.011719 208.847656-208.839844c3.234375-3.238281 7.535157-5.019531 12.113281-5.019531 4.574219 0 8.875 1.78125 12.113282 5.019531l208.800781 208.796875c.03125.03125.066406.0625.097656.09375 6.644531 6.691406 6.632813 17.539063-.03125 24.207032zm0 0\"><\/path><\/svg><\/span>\n                      <h3 class=\"u-align-center u-heading-font u-text u-text-1\">Verkauf von H\u00e4usern jeder Art<\/h3>\n                    <\/div>\n                  <\/div>\n                  <div class=\"u-container-style u-layout-cell u-similar-fill u-size-20 u-size-20-md u-white u-layout-cell-2\">\n                    <div class=\"u-container-layout\"><span class=\"u-icon u-icon-circle u-text-palette-1-base u-icon-2\"><svg class=\"u-svg-link\" preserveAspectRatio=\"xMidYMin slice\" viewBox=\"0 0 512 512\" style=\"\"><use xlink:href=\"#svg-9883\"><\/use><\/svg><svg class=\"u-svg-content\" viewBox=\"0 0 512 512\" x=\"0px\" y=\"0px\" id=\"svg-9883\" style=\"enable-background:new 0 0 512 512;\"><g><g><path d=\"M451.373,126.923L265.147,2.769c-5.537-3.692-12.751-3.692-18.288,0L60.627,126.923    c-4.587,3.054-7.339,8.202-7.339,13.712v354.884c0,9.103,7.378,16.481,16.481,16.481h372.464c9.103,0,16.481-7.378,16.481-16.481    V140.635C458.712,135.125,455.96,129.978,451.373,126.923z M425.751,479.039H86.249V149.458L256,36.29l169.751,113.167V479.039z\"><\/path>\n<\/g>\n<\/g><g><g><path d=\"M309.288,375.21H202.712c-9.103,0-16.481,7.378-16.481,16.481v103.828h32.961v-87.348h73.614v87.348h32.961V391.691    C325.768,382.588,318.39,375.21,309.288,375.21z\"><\/path>\n<\/g>\n<\/g><g><g><path d=\"M231.279,141.734h-85.15c-9.103,0-16.481,7.378-16.481,16.481v63.725c0,9.103,7.378,16.481,16.481,16.481h85.15    c9.103,0,16.481-7.378,16.481-16.481v-63.725C247.76,149.112,240.382,141.734,231.279,141.734z M214.798,205.459h-52.189v-30.764    h52.189V205.459z\"><\/path>\n<\/g>\n<\/g><g><g><path d=\"M365.877,141.734h-85.15c-9.103,0-16.481,7.378-16.481,16.481v63.725c0,9.103,7.378,16.481,16.481,16.481h85.15    c9.103,0,16.481-7.378,16.481-16.481v-63.725C382.357,149.112,374.98,141.734,365.877,141.734z M349.396,205.459h-52.189v-30.764    h52.189V205.459z\"><\/path>\n<\/g>\n<\/g><g><g><path d=\"M231.279,259.846h-85.15c-9.103,0-16.481,7.378-16.481,16.481v63.725c0,9.103,7.378,16.481,16.481,16.481h85.15    c9.103,0,16.481-7.372,16.481-16.481v-63.725C247.76,267.223,240.382,259.846,231.279,259.846z M214.798,323.571h-52.189v-30.764    h52.189V323.571z\"><\/path>\n<\/g>\n<\/g><g><g><path d=\"M365.877,259.846h-85.15c-9.103,0-16.481,7.378-16.481,16.481v63.725c0,9.103,7.378,16.481,16.481,16.481h85.15    c9.103,0,16.481-7.372,16.481-16.481v-63.725C382.357,267.223,374.98,259.846,365.877,259.846z M349.396,323.571h-52.189v-30.764    h52.189V323.571z\"><\/path>\n<\/g>\n<\/g><\/svg><\/span>\n                      <h3 class=\"u-align-center u-heading-font u-text u-text-2\">Verkauf von Wohnungen<\/h3>\n                    <\/div>\n                  <\/div>\n                  <div class=\"u-container-style u-layout-cell u-right-cell u-similar-fill u-size-20 u-size-20-md u-white u-layout-cell-3\">\n                    <div class=\"u-container-layout\"><span class=\"u-icon u-icon-circle u-text-palette-1-base u-icon-3\"><svg class=\"u-svg-link\" preserveAspectRatio=\"xMidYMin slice\" viewBox=\"0 0 510 510\" style=\"\"><use xlink:href=\"#svg-0cd9\"><\/use><\/svg><svg class=\"u-svg-content\" viewBox=\"0 0 510 510\" id=\"svg-0cd9\"><g><path d=\"m510 373.529v-28.871l-57.897-88.776h29.662v-28.213l-43.345-80.022h15.109v-28.357l-67.425-119.29h-36.224l-38.903 67.196-37.813-66.902h-36.328l-36.762 65.04-40.223-65.334h-35.956l-67.424 119.29v28.357h15.11l-43.345 80.022v28.213h29.663l-57.899 88.777v28.871h90v65.56c-28.865 9.379-56.672 22.131-82.822 38.111l-7.178 4.386v28.413h510v-28.413l-7.179-4.387c-26.15-15.98-53.957-28.732-82.821-38.111v-65.56zm-210 46.475v-46.18h30v47.382c-9.958-.78-19.964-1.19-30-1.202zm-90-46.18v46.18c-10.036.012-20.042.422-30 1.202v-47.382zm30 0h30v46.176h-30zm127.178-343.824h1.423l49.54 87.647h-30.09l58.628 108.235h-49.957l76.726 117.647h-77.318l-56.969-87.353h29.662v-28.213l-43.345-80.021h15.109v-28.358l-12.485-22.09zm-112.838.294h1.32l49.539 87.647h-30.09l58.628 108.235h-49.957l76.534 117.353h-210.628l76.534-117.353h-49.957l58.627-108.235h-30.09zm-141.061 195.588h-49.957l58.627-108.235h-30.09l49.54-87.647h1.692l40.121 65.167-13.801 24.416v28.358h15.11l-43.345 80.021v28.213h29.663l-56.969 87.353h-77.317zm6.721 147.942h30v50.895c-10.083 1.583-20.089 3.568-30 5.933zm-53.379 106.176c45.216-19.723 94.153-30 143.854-30h89.05c49.701 0 98.638 10.277 143.854 30zm293.379-55.281v-50.895h30v56.828c-9.911-2.365-19.917-4.351-30-5.933z\"><\/path>\n<\/g><\/svg><\/span>\n                      <h3 class=\"u-align-center u-heading-font u-text u-text-3\">Verkauf vom Grundst\u00fccken<\/h3>\n                    <\/div>\n                  <\/div>\n                <\/div>\n              <\/div>\n              <div class=\"u-size-30 u-size-60-md\">\n                <div class=\"u-layout-row\">\n                  <div class=\"u-container-style u-layout-cell u-left-cell u-similar-fill u-size-30 u-white u-layout-cell-4\">\n                    <div class=\"u-container-layout\"><span class=\"u-icon u-icon-circle u-text-palette-1-base u-icon-4\"><svg class=\"u-svg-link\" preserveAspectRatio=\"xMidYMin slice\" viewBox=\"0 0 496 496\" style=\"\"><use xlink:href=\"#svg-8931\"><\/use><\/svg><svg class=\"u-svg-content\" viewBox=\"0 0 496 496\" id=\"svg-8931\"><path d=\"m434 464h-32v-392c0-8.836-7.163-16-16-16h-120v-40c0-8.836-7.163-16-16-16h-111c-8.836 0-16 7.164-16 16v40h-13c-8.836 0-16 7.164-16 16v392h-32c-8.836 0-16 7.164-16 16s7.164 16 16 16h372c8.837 0 16-7.164 16-16s-7.163-16-16-16zm-279-432h79v24h-79zm61 432v-68h64v68zm96 0v-68h7c8.837 0 16-7.164 16-16s-7.163-16-16-16c-55.654 0-90.452 0-142 0-8.836 0-16 7.164-16 16s7.164 16 16 16h7v68h-58v-376h244v376zm-87-329c0 8.836-7.164 16-16 16h-18c-8.836 0-16-7.164-16-16s7.164-16 16-16h18c8.836 0 16 7.164 16 16zm95 0c0 8.836-7.163 16-16 16h-18c-8.837 0-16-7.164-16-16s7.163-16 16-16h18c8.837 0 16 7.164 16 16zm-95 60c0 8.836-7.164 16-16 16h-18c-8.836 0-16-7.164-16-16s7.164-16 16-16h18c8.836 0 16 7.164 16 16zm95 0c0 8.836-7.163 16-16 16h-18c-8.837 0-16-7.164-16-16s7.163-16 16-16h18c8.837 0 16 7.164 16 16zm-95 60c0 8.836-7.164 16-16 16h-18c-8.836 0-16-7.164-16-16s7.164-16 16-16h18c8.836 0 16 7.164 16 16zm95 0c0 8.836-7.163 16-16 16h-18c-8.837 0-16-7.164-16-16s7.163-16 16-16h18c8.837 0 16 7.164 16 16zm-95 60c0 8.836-7.164 16-16 16h-18c-8.836 0-16-7.164-16-16s7.164-16 16-16h18c8.836 0 16 7.164 16 16zm95 0c0 8.836-7.163 16-16 16h-18c-8.837 0-16-7.164-16-16s7.163-16 16-16h18c8.837 0 16 7.164 16 16z\"><\/path><\/svg><\/span>\n                      <h3 class=\"u-align-center u-heading-font u-text u-text-4\">An- und Verkauf \u00fcber den eigenen Firmenbestand<\/h3>\n                    <\/div>\n                  <\/div>\n                  <div class=\"u-container-style u-layout-cell u-similar-fill u-size-30 u-white u-layout-cell-5\">\n                    <div class=\"u-container-layout\"><span class=\"u-icon u-icon-circle u-text-palette-1-base u-icon-5\"><svg class=\"u-svg-link\" preserveAspectRatio=\"xMidYMin slice\" viewBox=\"0 0 512 512\" style=\"\"><use xlink:href=\"#svg-2ef4\"><\/use><\/svg><svg class=\"u-svg-content\" viewBox=\"0 0 512 512\" x=\"0px\" y=\"0px\" id=\"svg-2ef4\" style=\"enable-background:new 0 0 512 512;\"><g><g><path d=\"M482,363.58V316c0-49.388-15.925-96.331-46.053-135.753c-26.743-34.993-63.719-61.83-105.003-76.443    C329.795,80.007,310.077,61,286,61h-60c-24.077,0-43.795,19.007-44.944,42.804c-41.284,14.613-78.26,41.45-105.003,76.443    C45.925,219.669,30,266.612,30,316v47.58C12.541,369.772,0,386.445,0,406c0,24.813,20.187,45,45,45h422c24.813,0,45-20.187,45-45    C512,386.445,499.459,369.772,482,363.58z M60,316c0-54.091,23.106-104.728,61-140.855V226c0,8.284,6.716,15,15,15s15-6.716,15-15    v-74.383c9.452-6.034,19.477-11.298,30-15.679V256c0,8.284,6.716,15,15,15s15-6.716,15-15V114.932c0.001-0.041,0-0.082,0-0.123    V106c0-8.271,6.729-15,15-15h60c8.271,0,15,6.729,15,15v8.805c0,0.043-0.001,0.085,0,0.128V256c0,8.284,6.716,15,15,15    s15-6.716,15-15V135.938c10.523,4.382,20.548,9.646,30,15.679V226c0,8.284,6.716,15,15,15s15-6.716,15-15v-50.855    c37.894,36.127,61,86.764,61,140.855v45H60V316z M467,421H45c-8.271,0-15-6.729-15-15s6.729-15,15-15h422c8.271,0,15,6.729,15,15    S475.271,421,467,421z\"><\/path>\n<\/g>\n<\/g><\/svg><\/span>\n                      <h3 class=\"u-align-center u-heading-font u-text u-text-5\">&nbsp;Projektierung von Neubauvorhaben<\/h3>\n                    <\/div>\n                  <\/div>\n                <\/div>\n              <\/div>\n            <\/div>\n          <\/div>\n        <\/div>\n      <\/div>\n    <\/section>\n    <section class=\"u-clearfix u-white u-section-6\" id=\"sec-3517\">\n      <div class=\"u-clearfix u-sheet u-valign-middle u-sheet-1\">\n        <div class=\"data-layout-selected u-clearfix u-expanded-width-sm u-expanded-width-xs u-layout-wrap u-layout-wrap-1\">\n          <div class=\"u-layout\">\n            <div class=\"u-layout-row\">\n              <div class=\"u-container-style u-image u-layout-cell u-left-cell u-size-30 u-image-1\" data-image-width=\"567\" data-image-height=\"425\" style=\"background-image: url(&quot;https:\/\/rn-immobilien.eu\/wp-content\/uploads\/2026\/01\/008c33adc50d3a6d2927a9a1a3998d74.png&quot;);\">\n                <div class=\"u-container-layout u-container-layout-1\"><\/div>\n              <\/div>\n              <div class=\"u-align-left u-container-align-left u-container-align-left-lg u-container-align-left-xl u-container-style u-layout-cell u-right-cell u-shape-rectangle u-size-30 u-white u-layout-cell-2\">\n                <div class=\"u-container-layout u-valign-top-md u-container-layout-2\">\n                  <lt-highlighter style=\"display: none; z-index: 1 !important;\">\n                    <lt-div spellcheck=\"false\" class=\"lt-highlighter__wrapper\" style=\"width: 558px; height: 39px; transform: none !important; transform-origin: 279px 20px !important; zoom: 1 !important; margin-top: 8px; margin-left: 0px;\">\n                      <lt-div class=\"lt-highlighter__scrollElement\" style=\"top: 0px; left: 0px; width: 558px; height: 40px;\"><\/lt-div>\n                    <\/lt-div>\n                  <\/lt-highlighter>\n                  <h2 class=\"u-text u-text-custom-color-1 u-text-1\">Unsere Serviceleistungen<\/h2>\n                  <lt-highlighter style=\"display: none; z-index: 1 !important;\">\n                    <lt-div spellcheck=\"false\" class=\"lt-highlighter__wrapper\" style=\"width: 557px; height: 196px; transform: none !important; transform-origin: 279px 98px !important; zoom: 1 !important; margin-top: 19px; margin-left: 0px;\">\n                      <lt-div class=\"lt-highlighter__scrollElement\" style=\"top: 0px; left: 0px; width: 557px; height: 196px;\">\n                        <canvas class=\"lt-highlighter__canvas\" width=\"175\" height=\"21\" style=\"display: none; top: 88px; left: 19px;\"><\/canvas>\n                      <\/lt-div>\n                    <\/lt-div>\n                  <\/lt-highlighter>\n                  <ul class=\"u-text u-text-default-lg u-text-default-xl u-text-2\">\n                    <li style=\"\">Aktuelle Kaufpreisermittlung Ihrer Immobilie<\/li>\n                    <li style=\"\">Professionelle Erfassung Ihrer Objektdaten zur Onlinepr\u00e4sentation<\/li>\n                    <li style=\"\">Vorauswahl von potenziellen K\u00e4ufern \u00fcber firmeneigenen Interessentenbestand<\/li>\n                    <li style=\"\">Durchf\u00fchrung von Besichtigungen und Preisverhandlungen<\/li>\n                    <li style=\"\">Einleitung und Betreuung des notariellen Kaufvertrags<\/li>\n                    <li style=\"\">Finanzierungsberatung<br>\n                    <\/li>\n                  <\/ul>\n                <\/div>\n              <\/div>\n            <\/div>\n          <\/div>\n        <\/div>\n      <\/div>\n    <\/section>\n    \n    \n    \n  \n<\/div>","protected":false},"excerpt":{"rendered":"<p>IhrImmobilienPartner aus Ottweiler Herzlichen Willkommen auf der Homepage der Firma RN Immobilien in Ottweiler, dem Immobilienprofi mit Sitz in Ottweiler, im Herzen des Saarlandes.Wir sind ab sofort auch hier f\u00fcr Sie zu erreichen und k\u00fcmmern uns gerne um Ihre Anliegen in Sachen Immobilienvermarktung. Einige Fakten Die Firma wurde 2007 von Rolf Neufang gegr\u00fcndet. Er verf\u00fcgt [&hellip;]<\/p>\n","protected":false},"author":1,"featured_media":0,"parent":0,"menu_order":0,"comment_status":"closed","ping_status":"closed","template":"","meta":{"footnotes":""},"class_list":["post-12","page","type-page","status-publish","hentry"],"_links":{"self":[{"href":"https:\/\/rn-immobilien.eu\/index.php?rest_route=\/wp\/v2\/pages\/12","targetHints":{"allow":["GET"]}}],"collection":[{"href":"https:\/\/rn-immobilien.eu\/index.php?rest_route=\/wp\/v2\/pages"}],"about":[{"href":"https:\/\/rn-immobilien.eu\/index.php?rest_route=\/wp\/v2\/types\/page"}],"author":[{"embeddable":true,"href":"https:\/\/rn-immobilien.eu\/index.php?rest_route=\/wp\/v2\/users\/1"}],"replies":[{"embeddable":true,"href":"https:\/\/rn-immobilien.eu\/index.php?rest_route=%2Fwp%2Fv2%2Fcomments&post=12"}],"version-history":[{"count":11,"href":"https:\/\/rn-immobilien.eu\/index.php?rest_route=\/wp\/v2\/pages\/12\/revisions"}],"predecessor-version":[{"id":82,"href":"https:\/\/rn-immobilien.eu\/index.php?rest_route=\/wp\/v2\/pages\/12\/revisions\/82"}],"wp:attachment":[{"href":"https:\/\/rn-immobilien.eu\/index.php?rest_route=%2Fwp%2Fv2%2Fmedia&parent=12"}],"curies":[{"name":"wp","href":"https:\/\/api.w.org\/{rel}","templated":true}]}}