{"id":35,"date":"2026-01-19T11:09:54","date_gmt":"2026-01-19T11:09:54","guid":{"rendered":"https:\/\/rn-immobilien.eu\/?page_id=35"},"modified":"2026-01-19T14:24:33","modified_gmt":"2026-01-19T14:24:33","slug":"impressum","status":"publish","type":"page","link":"https:\/\/rn-immobilien.eu\/?page_id=35","title":{"rendered":"Impressum"},"content":{"rendered":"<div class=\"\" style=\"\" >\n    \n    <section class=\"skrollable u-clearfix u-image u-parallax u-shading u-section-2\" id=\"sec-48cc\" style=\"background-image: linear-gradient(0deg, rgba(0, 0, 0, 0.15), rgba(0, 0, 0, 0.15)), url(&quot;https:\/\/rn-immobilien.eu\/wp-content\/uploads\/2026\/01\/430dedad9411914dc1f0dd50c29db2c1.png&quot;);\">\n      <div class=\"u-clearfix u-sheet u-valign-middle u-sheet-1\">\n        <h1 class=\"u-text u-text-default u-text-1\"> Impressum<\/h1>\n      <\/div>\n    <\/section>\n    <section class=\"u-clearfix u-section-3\" id=\"block-1\">\n      <div class=\"u-clearfix u-sheet u-sheet-1\">\n        <p class=\"u-text u-text-1\"><span class=\"u-text-palette-1-base\"><b>RN-Immobilien Inhaber:&nbsp;<\/b><\/span>\n          <br>Rolf Neufang&nbsp;<br>\n          <br><span class=\"u-text-palette-1-base\"><b>Adresse:<\/b><\/span>\n          <br>Am Hahnenberg 16<br>66564 Ottweiler&nbsp;<br>\n          <br><b><span class=\"u-text-palette-1-base\">Kontakt:&nbsp;<\/span>\n            <br><\/b>Telefax: 06824-709998<br>Telefon: 06824-709997<br>Email:&nbsp;<a href=\"mailto:info@rn-immobilien.eu\" class=\"u-btn u-button-link u-button-style u-text-palette-1-base u-btn-1\">info@rn-immobilien.eu<\/a>\n          <br>\n          <br><b><span class=\"u-text-palette-1-base\">Vertretungsberechtigter:<\/span><\/b><span class=\"u-text-palette-1-base\">&nbsp;<\/span>\n          <br>Rolf Neufang&nbsp;<br>\n          <br><span class=\"u-text-palette-1-base\"><b>Aufsichtsbeh\u00f6rde (\u00a7 16 MaBV\/\u00a7 34c GewO):<\/b><\/span>\n          <br>Neunkirchen&nbsp;<br>\n          <br><b><span class=\"u-text-palette-1-base\">Umsatzsteueridentifikationsnummer gem\u00e4\u00df \u00a7 27 a Umsatzsteuergesetz:<\/span>&nbsp;<\/b>\n          <br>DE 138028723&nbsp;&nbsp;<br>\n          <br><span class=\"u-text-palette-1-base\"><b>Verbraucherinformation gem\u00e4\u00df Verordnung (EU) Nr. 524\/2013:&nbsp;<\/b><\/span>\n          <br>\n          <br>Information zur Onlinestreitbeilegung gem\u00e4\u00df Art.14 Ab2.1 ODR-VO: Die Europ\u00e4ische Kommission stellt eine Plattform zur Online-Streitbeilegung(OS) bereit, die sie unter&nbsp;<a href=\"http:\/\/ec.europa.eu\/consumers\/odr\/\" class=\"u-btn u-button-link u-button-style u-text-palette-1-base u-btn-2\" target=\"_blank\">http:\/\/ec.europa.eu\/consumers\/odr\/<\/a>&nbsp;finden.&nbsp;<br>\n          <br>Unsere E-Mailadresse lautet:&nbsp;&nbsp;<a href=\"mailto:info@rn-immobilien.eu\" class=\"u-btn u-button-link u-button-style u-text-palette-1-base u-btn-3\">info@rn-immobilien.eu<\/a>\n          <br>\n          <br>Information zur Verbraucherstreitbeilegung nach \u00a7 36 VSBG: \"Wir werden nicht an einem Streitbeilegungsverfahren vor einer Verbraucherschlichtungsstelle im Sinne des Verbraucherstreitbeilegungsgesetzes teilnehmen und sind hierzu auch nicht verpflichtet.\n        <\/p>\n      <\/div>\n    <\/section>\n    \n    \n    \n    \n  \n<\/div>","protected":false},"excerpt":{"rendered":"<p>Impressum RN-Immobilien Inhaber:&nbsp; Rolf Neufang&nbsp; Adresse: Am Hahnenberg 1666564 Ottweiler&nbsp; Kontakt:&nbsp; Telefax: 06824-709998Telefon: 06824-709997Email:&nbsp;info@rn-immobilien.eu Vertretungsberechtigter:&nbsp; Rolf Neufang&nbsp; Aufsichtsbeh\u00f6rde (\u00a7 16 MaBV\/\u00a7 34c GewO): Neunkirchen&nbsp; Umsatzsteueridentifikationsnummer gem\u00e4\u00df \u00a7 27 a Umsatzsteuergesetz:&nbsp; DE 138028723&nbsp;&nbsp; Verbraucherinformation gem\u00e4\u00df Verordnung (EU) Nr. 524\/2013:&nbsp; Information zur Onlinestreitbeilegung gem\u00e4\u00df Art.14 Ab2.1 ODR-VO: Die Europ\u00e4ische Kommission stellt eine Plattform zur Online-Streitbeilegung(OS) bereit, die [&hellip;]<\/p>\n","protected":false},"author":1,"featured_media":0,"parent":0,"menu_order":0,"comment_status":"closed","ping_status":"closed","template":"","meta":{"footnotes":""},"class_list":["post-35","page","type-page","status-publish","hentry"],"_links":{"self":[{"href":"https:\/\/rn-immobilien.eu\/index.php?rest_route=\/wp\/v2\/pages\/35","targetHints":{"allow":["GET"]}}],"collection":[{"href":"https:\/\/rn-immobilien.eu\/index.php?rest_route=\/wp\/v2\/pages"}],"about":[{"href":"https:\/\/rn-immobilien.eu\/index.php?rest_route=\/wp\/v2\/types\/page"}],"author":[{"embeddable":true,"href":"https:\/\/rn-immobilien.eu\/index.php?rest_route=\/wp\/v2\/users\/1"}],"replies":[{"embeddable":true,"href":"https:\/\/rn-immobilien.eu\/index.php?rest_route=%2Fwp%2Fv2%2Fcomments&post=35"}],"version-history":[{"count":7,"href":"https:\/\/rn-immobilien.eu\/index.php?rest_route=\/wp\/v2\/pages\/35\/revisions"}],"predecessor-version":[{"id":73,"href":"https:\/\/rn-immobilien.eu\/index.php?rest_route=\/wp\/v2\/pages\/35\/revisions\/73"}],"wp:attachment":[{"href":"https:\/\/rn-immobilien.eu\/index.php?rest_route=%2Fwp%2Fv2%2Fmedia&parent=35"}],"curies":[{"name":"wp","href":"https:\/\/api.w.org\/{rel}","templated":true}]}}